{"id":126,"date":"2025-10-19T22:09:49","date_gmt":"2025-10-19T22:09:49","guid":{"rendered":"https:\/\/zentralkurs.lerbermatt.ch\/?page_id=126"},"modified":"2026-03-24T12:44:43","modified_gmt":"2026-03-24T12:44:43","slug":"cours-central-de-chimie-2026","status":"publish","type":"page","link":"https:\/\/zentralkurs.lerbermatt.ch\/?page_id=126&lang=fr","title":{"rendered":"Cours central 2026 SSPSN"},"content":{"rendered":"\n<h2 class=\"wp-block-heading has-text-align-center\">07.10. &#8211; 09.10.2026 | K\u00f6niz (BE)<\/h2>\n\n\n\n<div style=\"height:37px\" aria-hidden=\"true\" class=\"wp-block-spacer\"><\/div>\n\n\n\n<figure class=\"wp-block-image alignwide size-full is-style-rounded is-style-rounded--1\"><img loading=\"lazy\" decoding=\"async\" width=\"954\" height=\"481\" src=\"https:\/\/zentralkurs.lerbermatt.ch\/wp-content\/uploads\/2026\/01\/Alumni-Seite-verkleinert-1024x674-2.jpg\" alt=\"\" class=\"wp-image-204\" srcset=\"https:\/\/zentralkurs.lerbermatt.ch\/wp-content\/uploads\/2026\/01\/Alumni-Seite-verkleinert-1024x674-2.jpg 954w, https:\/\/zentralkurs.lerbermatt.ch\/wp-content\/uploads\/2026\/01\/Alumni-Seite-verkleinert-1024x674-2-300x151.jpg 300w, https:\/\/zentralkurs.lerbermatt.ch\/wp-content\/uploads\/2026\/01\/Alumni-Seite-verkleinert-1024x674-2-768x387.jpg 768w\" sizes=\"auto, (max-width: 954px) 100vw, 954px\" \/><\/figure>\n\n\n\n<div style=\"height:var(--wp--preset--spacing--30)\" aria-hidden=\"true\" class=\"wp-block-spacer\"><\/div>\n\n\n\n<div class=\"wp-block-group is-layout-flow wp-container-core-group-is-layout-d6743c7d wp-block-group-is-layout-flow\">\n<div style=\"height:1.25rem\" aria-hidden=\"true\" class=\"wp-block-spacer\"><\/div>\n\n\n\n<p class=\"has-text-align-center\" style=\"font-size:clamp(0.875rem, 0.875rem + ((1vw - 0.2rem) * 0.625), 1.25rem);\">Le prochain cours central de chimie se d\u00e9roulera au Gymnase et ECG Lerbermatt \u00e0 K\u00f6niz (BE). <br>De plus amples informations (ateliers\/\u2026) suivront prochainement.<\/p>\n\n\n\n<div style=\"height:20px\" aria-hidden=\"true\" class=\"wp-block-spacer\"><\/div>\n<\/div>\n\n\n\n<div class=\"wp-block-buttons is-content-justification-center is-layout-flex wp-container-core-buttons-is-layout-a89b3969 wp-block-buttons-is-layout-flex\">\n<div class=\"wp-block-button\"><a class=\"wp-block-button__link wp-element-button\" href=\"https:\/\/forms.cloud.microsoft\/pages\/responsepage.aspx?id=lEU8QNsC6E2xTLDxy6YXOSBXN5xnVBRIkytmS2CGlPdUOTJXRk8yOEoyMDUyTDZaU1FZN0w2UjhSSi4u&amp;route=shorturl\">Inscription provisoire<\/a><\/div>\n\n\n\n<div class=\"wp-block-button\"><a class=\"wp-block-button__link wp-element-button\" href=\"https:\/\/zentralkurs.lerbermatt.ch\/?page_id=270&amp;lang=fr\">Aper\u00e7u du programme<\/a><\/div>\n<\/div>\n\n\n\n<div style=\"height:var(--wp--preset--spacing--30)\" aria-hidden=\"true\" class=\"wp-block-spacer\"><\/div>\n\n\n\n<blockquote class=\"wp-block-quote has-body-font-family is-layout-flow wp-block-quote-is-layout-flow\">\n<p class=\"has-text-align-center has-x-large-font-size\">Vous souhaitez proposer un atelier&nbsp;? <br><a href=\"mailto:luca.dick@lerbermatt.ch?subject=Workshopvorschlag Zentralkurs 2026\">Contactez-nous<\/a><\/p>\n<\/blockquote>\n\n\n\n<div style=\"height:50px\" aria-hidden=\"true\" class=\"wp-block-spacer\"><\/div>\n\n\n\n<p><strong>R\u00e9server un h\u00f4tel \u00e0 Berne<\/strong><br>Pour les participants du Cours Central de Chimie 2026 un contingent de chambres d&#8217;h\u00f4tels est \u00e0 disposition. Vous pouvez acc\u00e9der aux chambres r\u00e9serv\u00e9es via le lien suivant&nbsp;:<\/p>\n\n\n\n<div style=\"height:30px\" aria-hidden=\"true\" class=\"wp-block-spacer\"><\/div>\n\n\n\n<div class=\"wp-block-group is-vertical is-content-justification-center is-layout-flex wp-container-core-group-is-layout-ce155fab wp-block-group-is-layout-flex\">\n<div class=\"wp-block-buttons is-layout-flex wp-block-buttons-is-layout-flex\">\n<div class=\"wp-block-button has-custom-width wp-block-button__width-100\"><a class=\"wp-block-button__link wp-element-button\" href=\"https:\/\/bern.e-vent.online\/web\/8CDBE5516BCD486684C58ABE8443DD99\/DE\">lien de r\u00e9servation<\/a><\/div>\n<\/div>\n<\/div>\n\n\n\n<p><\/p>\n","protected":false},"excerpt":{"rendered":"<p>07.10. &#8211; 09.10.2026 | K\u00f6niz (BE) Le prochain cours central de chimie se d\u00e9roulera au Gymnase et ECG Lerbermatt \u00e0 K\u00f6niz (BE). De plus amples informations (ateliers\/\u2026) suivront prochainement. Vous souhaitez proposer un atelier&nbsp;? Contactez-nous R\u00e9server un h\u00f4tel \u00e0 BernePour les participants du Cours Central de Chimie 2026 un contingent de chambres d&#8217;h\u00f4tels est \u00e0 [&hellip;]<\/p>\n","protected":false},"author":1,"featured_media":0,"parent":0,"menu_order":0,"comment_status":"closed","ping_status":"closed","template":"cc26-fran-ais","meta":{"footnotes":""},"class_list":["post-126","page","type-page","status-publish","hentry"],"_links":{"self":[{"href":"https:\/\/zentralkurs.lerbermatt.ch\/index.php?rest_route=\/wp\/v2\/pages\/126","targetHints":{"allow":["GET"]}}],"collection":[{"href":"https:\/\/zentralkurs.lerbermatt.ch\/index.php?rest_route=\/wp\/v2\/pages"}],"about":[{"href":"https:\/\/zentralkurs.lerbermatt.ch\/index.php?rest_route=\/wp\/v2\/types\/page"}],"author":[{"embeddable":true,"href":"https:\/\/zentralkurs.lerbermatt.ch\/index.php?rest_route=\/wp\/v2\/users\/1"}],"replies":[{"embeddable":true,"href":"https:\/\/zentralkurs.lerbermatt.ch\/index.php?rest_route=%2Fwp%2Fv2%2Fcomments&post=126"}],"version-history":[{"count":12,"href":"https:\/\/zentralkurs.lerbermatt.ch\/index.php?rest_route=\/wp\/v2\/pages\/126\/revisions"}],"predecessor-version":[{"id":338,"href":"https:\/\/zentralkurs.lerbermatt.ch\/index.php?rest_route=\/wp\/v2\/pages\/126\/revisions\/338"}],"wp:attachment":[{"href":"https:\/\/zentralkurs.lerbermatt.ch\/index.php?rest_route=%2Fwp%2Fv2%2Fmedia&parent=126"}],"curies":[{"name":"wp","href":"https:\/\/api.w.org\/{rel}","templated":true}]}}