{"id":153,"date":"2025-10-19T23:46:49","date_gmt":"2025-10-19T23:46:49","guid":{"rendered":"https:\/\/zentralkurs.lerbermatt.ch\/?page_id=153"},"modified":"2026-03-24T12:37:03","modified_gmt":"2026-03-24T12:37:03","slug":"adresse-et-plan-de-situation","status":"publish","type":"page","link":"https:\/\/zentralkurs.lerbermatt.ch\/?page_id=153&lang=fr","title":{"rendered":"Acc\u00e8s et plan de situation"},"content":{"rendered":"\n<p class=\"has-x-large-font-size\">Adresse<\/p>\n\n\n\n<div class=\"wp-block-group has-global-padding is-layout-constrained wp-block-group-is-layout-constrained\">\n<div class=\"wp-block-columns is-layout-flex wp-container-core-columns-is-layout-28f84493 wp-block-columns-is-layout-flex\">\n<div class=\"wp-block-column is-layout-flow wp-block-column-is-layout-flow\" style=\"flex-basis:100%\">\n<div class=\"wp-block-columns is-layout-flex wp-container-core-columns-is-layout-28f84493 wp-block-columns-is-layout-flex\">\n<div class=\"wp-block-column is-layout-flow wp-block-column-is-layout-flow\" style=\"flex-basis:100%\">\n<div class=\"wp-block-columns is-layout-flex wp-container-core-columns-is-layout-28f84493 wp-block-columns-is-layout-flex\">\n<div class=\"wp-block-column is-layout-flow wp-block-column-is-layout-flow\" style=\"flex-basis:33.33%\">\n<p><strong>Gymnasium und FMS Lerbermatt<\/strong><br>Kirchstrasse 64<br>3098 K\u00f6niz<br>Schweiz<\/p>\n<\/div>\n\n\n\n<div class=\"wp-block-column is-layout-flow wp-block-column-is-layout-flow\" style=\"flex-basis:66.66%\">\n<figure class=\"wp-block-image size-large is-resized\"><img loading=\"lazy\" decoding=\"async\" width=\"1024\" height=\"798\" src=\"https:\/\/zentralkurs.lerbermatt.ch\/wp-content\/uploads\/2025\/10\/Bildschirmfoto-2025-10-15-um-16.43.59-1-1024x798.png\" alt=\"\" class=\"wp-image-81\" style=\"width:591px;height:auto\" srcset=\"https:\/\/zentralkurs.lerbermatt.ch\/wp-content\/uploads\/2025\/10\/Bildschirmfoto-2025-10-15-um-16.43.59-1-1024x798.png 1024w, https:\/\/zentralkurs.lerbermatt.ch\/wp-content\/uploads\/2025\/10\/Bildschirmfoto-2025-10-15-um-16.43.59-1-300x234.png 300w, https:\/\/zentralkurs.lerbermatt.ch\/wp-content\/uploads\/2025\/10\/Bildschirmfoto-2025-10-15-um-16.43.59-1-768x598.png 768w, https:\/\/zentralkurs.lerbermatt.ch\/wp-content\/uploads\/2025\/10\/Bildschirmfoto-2025-10-15-um-16.43.59-1.png 1332w\" sizes=\"auto, (max-width: 1024px) 100vw, 1024px\" \/><\/figure>\n<\/div>\n<\/div>\n<\/div>\n<\/div>\n<\/div>\n<\/div>\n<\/div>\n\n\n\n<p class=\"has-medium-font-size\"><strong>Acc\u00e8s avec transports publics<\/strong><br>Depuis la gare de Bern: <strong>bus 19<\/strong> jusqu&#8217;\u00e0 l&#8217;arr\u00eat Zieglerspital (environ 6 min)<\/p>\n\n\n\n<p class=\"has-medium-font-size\"><br><strong>Acc\u00e8s en voiture<\/strong><br>Un parking payant est disponible pr\u00e8s du Gymnase<br><br><strong>Acc\u00e8s en v\u00e9lo<\/strong><br>Places dans le parking \u00e0 v\u00e9los (voir plan ci-dessous)<\/p>\n\n\n\n<div style=\"height:60px\" aria-hidden=\"true\" class=\"wp-block-spacer\"><\/div>\n\n\n\n<div class=\"wp-block-group has-global-padding is-layout-constrained wp-block-group-is-layout-constrained\">\n<p class=\"has-x-large-font-size\">Plan de situation<\/p>\n<\/div>\n\n\n\n<div class=\"wp-block-columns is-layout-flex wp-container-core-columns-is-layout-28f84493 wp-block-columns-is-layout-flex\">\n<div class=\"wp-block-column is-layout-flow wp-block-column-is-layout-flow\" style=\"flex-basis:66.66%\">\n<figure class=\"wp-block-image size-large is-resized\"><img loading=\"lazy\" decoding=\"async\" width=\"1024\" height=\"578\" src=\"https:\/\/zentralkurs.lerbermatt.ch\/wp-content\/uploads\/2025\/10\/Bildschirmfoto-2025-10-15-um-17.11.03-1024x578.png\" alt=\"\" class=\"wp-image-82\" style=\"width:700px\" srcset=\"https:\/\/zentralkurs.lerbermatt.ch\/wp-content\/uploads\/2025\/10\/Bildschirmfoto-2025-10-15-um-17.11.03-1024x578.png 1024w, https:\/\/zentralkurs.lerbermatt.ch\/wp-content\/uploads\/2025\/10\/Bildschirmfoto-2025-10-15-um-17.11.03-300x169.png 300w, https:\/\/zentralkurs.lerbermatt.ch\/wp-content\/uploads\/2025\/10\/Bildschirmfoto-2025-10-15-um-17.11.03-768x433.png 768w, https:\/\/zentralkurs.lerbermatt.ch\/wp-content\/uploads\/2025\/10\/Bildschirmfoto-2025-10-15-um-17.11.03-1536x866.png 1536w, https:\/\/zentralkurs.lerbermatt.ch\/wp-content\/uploads\/2025\/10\/Bildschirmfoto-2025-10-15-um-17.11.03.png 1638w\" sizes=\"auto, (max-width: 1024px) 100vw, 1024px\" \/><\/figure>\n<\/div>\n\n\n\n<div class=\"wp-block-column is-layout-flow wp-block-column-is-layout-flow\" style=\"flex-basis:33.33%\">\n<p><strong>Legende<\/strong><br>     <\/p>\n\n\n\n<p>1 Secr\u00e9tariat\/Direction<br>2 Salle \u00e0 Chemin\u00e9e<br>3 B\u00e2timent Ouest<br>4 B\u00e2timent Est<br>5 Arts visuels<br>6 Aula<br>7 Mediothek<\/p>\n\n\n\n<p>8 Salles de sport<br>9 Caf\u00e9t\u00e9ria<br>10 Parking \u00e0 v\u00e9lo<br>11 Arr\u00eat de bus Zieglerspital<br>12 Arr\u00eat de bus Liebefeld, Lerbermatt<\/p>\n<\/div>\n<\/div>\n","protected":false},"excerpt":{"rendered":"<p>Adresse Gymnasium und FMS LerbermattKirchstrasse 643098 K\u00f6nizSchweiz Acc\u00e8s avec transports publicsDepuis la gare de Bern: bus 19 jusqu&#8217;\u00e0 l&#8217;arr\u00eat Zieglerspital (environ 6 min) Acc\u00e8s en voitureUn parking payant est disponible pr\u00e8s du Gymnase Acc\u00e8s en v\u00e9loPlaces dans le parking \u00e0 v\u00e9los (voir plan ci-dessous) Plan de situation Legende 1 Secr\u00e9tariat\/Direction2 Salle \u00e0 Chemin\u00e9e3 B\u00e2timent Ouest4 [&hellip;]<\/p>\n","protected":false},"author":1,"featured_media":0,"parent":0,"menu_order":0,"comment_status":"closed","ping_status":"closed","template":"cc26-fran-ais","meta":{"footnotes":""},"class_list":["post-153","page","type-page","status-publish","hentry"],"_links":{"self":[{"href":"https:\/\/zentralkurs.lerbermatt.ch\/index.php?rest_route=\/wp\/v2\/pages\/153","targetHints":{"allow":["GET"]}}],"collection":[{"href":"https:\/\/zentralkurs.lerbermatt.ch\/index.php?rest_route=\/wp\/v2\/pages"}],"about":[{"href":"https:\/\/zentralkurs.lerbermatt.ch\/index.php?rest_route=\/wp\/v2\/types\/page"}],"author":[{"embeddable":true,"href":"https:\/\/zentralkurs.lerbermatt.ch\/index.php?rest_route=\/wp\/v2\/users\/1"}],"replies":[{"embeddable":true,"href":"https:\/\/zentralkurs.lerbermatt.ch\/index.php?rest_route=%2Fwp%2Fv2%2Fcomments&post=153"}],"version-history":[{"count":5,"href":"https:\/\/zentralkurs.lerbermatt.ch\/index.php?rest_route=\/wp\/v2\/pages\/153\/revisions"}],"predecessor-version":[{"id":180,"href":"https:\/\/zentralkurs.lerbermatt.ch\/index.php?rest_route=\/wp\/v2\/pages\/153\/revisions\/180"}],"wp:attachment":[{"href":"https:\/\/zentralkurs.lerbermatt.ch\/index.php?rest_route=%2Fwp%2Fv2%2Fmedia&parent=153"}],"curies":[{"name":"wp","href":"https:\/\/api.w.org\/{rel}","templated":true}]}}