{"id":242,"date":"2026-03-18T14:49:32","date_gmt":"2026-03-18T14:49:32","guid":{"rendered":"https:\/\/zentralkurs.lerbermatt.ch\/?page_id=242"},"modified":"2026-03-24T12:43:54","modified_gmt":"2026-03-24T12:43:54","slug":"programm","status":"publish","type":"page","link":"https:\/\/zentralkurs.lerbermatt.ch\/?page_id=242","title":{"rendered":"Programm"},"content":{"rendered":"\n<div class=\"wp-block-columns is-layout-flex wp-container-core-columns-is-layout-28f84493 wp-block-columns-is-layout-flex\">\n<div class=\"wp-block-column is-layout-flow wp-block-column-is-layout-flow\">\n<div class=\"wp-block-columns is-layout-flex wp-container-core-columns-is-layout-28f84493 wp-block-columns-is-layout-flex\">\n<div class=\"wp-block-column is-layout-flow wp-block-column-is-layout-flow\">\n<div class=\"wp-block-columns is-layout-flex wp-container-core-columns-is-layout-28f84493 wp-block-columns-is-layout-flex\">\n<div class=\"wp-block-column is-layout-flow wp-block-column-is-layout-flow\"><\/div>\n<\/div>\n<\/div>\n<\/div>\n<\/div>\n<\/div>\n\n\n\n<div class=\"wp-block-columns is-layout-flex wp-container-core-columns-is-layout-28f84493 wp-block-columns-is-layout-flex\">\n<div class=\"wp-block-column is-layout-flow wp-block-column-is-layout-flow\">\n<h2 class=\"wp-block-heading\">Programm\u00fcbersicht Chemie<\/h2>\n\n\n\n<figure class=\"wp-block-table\"><table class=\"has-fixed-layout\"><tbody><tr><td><strong>Mittwoch 07.10.26<\/strong><\/td><td><strong>Donnerstag 08.10.26<\/strong><\/td><td><strong>Freitag 09.10.26<\/strong><\/td><\/tr><tr><td>Eintreffen und Anmeldung<br>Begr\u00fcssung<br>Vortrag 1<br>Kaffeepause und Marktst\u00e4nde<br>Workshop-Runde 1<br>Mittagessen<br>Generalversammlung VSN<br>Workshop-Runde 2<br>Kaffeepause und Markst\u00e4nde<br>Vortrag 2<br>Ap\u00e9ro riche<\/td><td>Vortrag 3<br>Kaffeepause<br>Workshop-Runde 3<br>Vortrag Balmer-Preis 2025<br>Mittagspause<br>Workshop-Runde 4<br>Kaffeepause und Markst\u00e4nde<br>Workshop-Runde 5<br>Vortrag 4<br><br>Festessen (separate Anmeldung)<\/td><td>div. Exkursionen<\/td><\/tr><\/tbody><\/table><\/figure>\n\n\n\n<div style=\"height:53px\" aria-hidden=\"true\" class=\"wp-block-spacer\"><\/div>\n\n\n\n<h2 class=\"wp-block-heading\">Programm\u00fcbersicht Biologie-Tag<\/h2>\n\n\n\n<p><strong>Donnerstag 08.10.26<\/strong><br><br>Eintreffen und Anmeldung<br>Begr\u00fcssung im Workshop-Raum<br>Workshop Teil 1 inkl. Kaffeepause<br>Vortrag Balmer-Preis 2025<br>Mittagspause und Marktst\u00e4nde<br>Workshop Teil 2 inkl. Kaffeepause<br><\/p>\n<\/div>\n<\/div>\n\n\n\n<div class=\"wp-block-columns is-layout-flex wp-container-core-columns-is-layout-28f84493 wp-block-columns-is-layout-flex\">\n<div class=\"wp-block-column is-layout-flow wp-block-column-is-layout-flow\">\n<div class=\"wp-block-columns is-layout-flex wp-container-core-columns-is-layout-28f84493 wp-block-columns-is-layout-flex\">\n<div class=\"wp-block-column is-layout-flow wp-block-column-is-layout-flow\">\n<div style=\"height:53px\" aria-hidden=\"true\" class=\"wp-block-spacer\"><\/div>\n<\/div>\n<\/div>\n<\/div>\n<\/div>\n\n\n\n<div class=\"wp-block-columns is-layout-flex wp-container-core-columns-is-layout-28f84493 wp-block-columns-is-layout-flex\">\n<div class=\"wp-block-column is-layout-flow wp-block-column-is-layout-flow\"><\/div>\n<\/div>\n","protected":false},"excerpt":{"rendered":"<p>Programm\u00fcbersicht Chemie Mittwoch 07.10.26 Donnerstag 08.10.26 Freitag 09.10.26 Eintreffen und AnmeldungBegr\u00fcssungVortrag 1Kaffeepause und Marktst\u00e4ndeWorkshop-Runde 1MittagessenGeneralversammlung VSNWorkshop-Runde 2Kaffeepause und Markst\u00e4ndeVortrag 2Ap\u00e9ro riche Vortrag 3KaffeepauseWorkshop-Runde 3Vortrag Balmer-Preis 2025MittagspauseWorkshop-Runde 4Kaffeepause und Markst\u00e4ndeWorkshop-Runde 5Vortrag 4 Festessen (separate Anmeldung) div. Exkursionen Programm\u00fcbersicht Biologie-Tag Donnerstag 08.10.26 Eintreffen und AnmeldungBegr\u00fcssung im Workshop-RaumWorkshop Teil 1 inkl. KaffeepauseVortrag Balmer-Preis 2025Mittagspause und Marktst\u00e4ndeWorkshop Teil 2 [&hellip;]<\/p>\n","protected":false},"author":1,"featured_media":0,"parent":0,"menu_order":0,"comment_status":"closed","ping_status":"closed","template":"pages-2","meta":{"footnotes":""},"class_list":["post-242","page","type-page","status-publish","hentry"],"_links":{"self":[{"href":"https:\/\/zentralkurs.lerbermatt.ch\/index.php?rest_route=\/wp\/v2\/pages\/242","targetHints":{"allow":["GET"]}}],"collection":[{"href":"https:\/\/zentralkurs.lerbermatt.ch\/index.php?rest_route=\/wp\/v2\/pages"}],"about":[{"href":"https:\/\/zentralkurs.lerbermatt.ch\/index.php?rest_route=\/wp\/v2\/types\/page"}],"author":[{"embeddable":true,"href":"https:\/\/zentralkurs.lerbermatt.ch\/index.php?rest_route=\/wp\/v2\/users\/1"}],"replies":[{"embeddable":true,"href":"https:\/\/zentralkurs.lerbermatt.ch\/index.php?rest_route=%2Fwp%2Fv2%2Fcomments&post=242"}],"version-history":[{"count":6,"href":"https:\/\/zentralkurs.lerbermatt.ch\/index.php?rest_route=\/wp\/v2\/pages\/242\/revisions"}],"predecessor-version":[{"id":267,"href":"https:\/\/zentralkurs.lerbermatt.ch\/index.php?rest_route=\/wp\/v2\/pages\/242\/revisions\/267"}],"wp:attachment":[{"href":"https:\/\/zentralkurs.lerbermatt.ch\/index.php?rest_route=%2Fwp%2Fv2%2Fmedia&parent=242"}],"curies":[{"name":"wp","href":"https:\/\/api.w.org\/{rel}","templated":true}]}}