{"id":379,"date":"2026-03-24T12:10:29","date_gmt":"2026-03-24T12:10:29","guid":{"rendered":"https:\/\/zentralkurs.lerbermatt.ch\/?page_id=379"},"modified":"2026-03-24T12:45:10","modified_gmt":"2026-03-24T12:45:10","slug":"protections-des-donnees","status":"publish","type":"page","link":"https:\/\/zentralkurs.lerbermatt.ch\/?page_id=379&lang=fr","title":{"rendered":"Protections des donn\u00e9es"},"content":{"rendered":"\n<h2 class=\"wp-block-heading\">Qui sommes nous<\/h2>\n\n\n\n<p>L&#8217;adresse de notre site web est\u00a0: https:\/\/zentralkurs.lerbermatt.ch.<br>La fili\u00e8re Chimie du Gymnase Lerbermatt Organise le Cours Central SSPSN K\u00f6niz 2026.<\/p>\n\n\n\n<div style=\"height:60px\" aria-hidden=\"true\" class=\"wp-block-spacer\"><\/div>\n\n\n\n<h2 class=\"wp-block-heading\">Contenu int\u00e9gr\u00e9 provenant d&#8217;autres sites web<\/h2>\n\n\n\n<p>Les articles de ce site web peuvent inclure du contenu int\u00e9gr\u00e9 (par exemple, des vid\u00e9os, des images, des articles, etc.). Le contenu int\u00e9gr\u00e9 provenant d&#8217;autres sites web se comporte exactement comme si le visiteur avait consult\u00e9 directement ces sites.<\/p>\n\n\n\n<p>Ces sites web peuvent collecter des donn\u00e9es vous concernant, utiliser des cookies, int\u00e9grer des services de suivi tiers suppl\u00e9mentaires et enregistrer votre interaction avec ce contenu int\u00e9gr\u00e9, y compris votre interaction avec le contenu int\u00e9gr\u00e9 si vous poss\u00e9dez un compte et \u00eates connect\u00e9 \u00e0 ce site web.<\/p>\n","protected":false},"excerpt":{"rendered":"<p>Qui sommes nous L&#8217;adresse de notre site web est\u00a0: https:\/\/zentralkurs.lerbermatt.ch.La fili\u00e8re Chimie du Gymnase Lerbermatt Organise le Cours Central SSPSN K\u00f6niz 2026. Contenu int\u00e9gr\u00e9 provenant d&#8217;autres sites web Les articles de ce site web peuvent inclure du contenu int\u00e9gr\u00e9 (par exemple, des vid\u00e9os, des images, des articles, etc.). Le contenu int\u00e9gr\u00e9 provenant d&#8217;autres sites web [&hellip;]<\/p>\n","protected":false},"author":1,"featured_media":0,"parent":0,"menu_order":0,"comment_status":"closed","ping_status":"closed","template":"cc26-fran-ais","meta":{"footnotes":""},"class_list":["post-379","page","type-page","status-publish","hentry"],"_links":{"self":[{"href":"https:\/\/zentralkurs.lerbermatt.ch\/index.php?rest_route=\/wp\/v2\/pages\/379","targetHints":{"allow":["GET"]}}],"collection":[{"href":"https:\/\/zentralkurs.lerbermatt.ch\/index.php?rest_route=\/wp\/v2\/pages"}],"about":[{"href":"https:\/\/zentralkurs.lerbermatt.ch\/index.php?rest_route=\/wp\/v2\/types\/page"}],"author":[{"embeddable":true,"href":"https:\/\/zentralkurs.lerbermatt.ch\/index.php?rest_route=\/wp\/v2\/users\/1"}],"replies":[{"embeddable":true,"href":"https:\/\/zentralkurs.lerbermatt.ch\/index.php?rest_route=%2Fwp%2Fv2%2Fcomments&post=379"}],"version-history":[{"count":2,"href":"https:\/\/zentralkurs.lerbermatt.ch\/index.php?rest_route=\/wp\/v2\/pages\/379\/revisions"}],"predecessor-version":[{"id":384,"href":"https:\/\/zentralkurs.lerbermatt.ch\/index.php?rest_route=\/wp\/v2\/pages\/379\/revisions\/384"}],"wp:attachment":[{"href":"https:\/\/zentralkurs.lerbermatt.ch\/index.php?rest_route=%2Fwp%2Fv2%2Fmedia&parent=379"}],"curies":[{"name":"wp","href":"https:\/\/api.w.org\/{rel}","templated":true}]}}