{"id":78,"date":"2025-10-15T15:18:29","date_gmt":"2025-10-15T15:18:29","guid":{"rendered":"https:\/\/zentralkurs.lerbermatt.ch\/?page_id=78"},"modified":"2026-03-24T12:44:27","modified_gmt":"2026-03-24T12:44:27","slug":"anreise-und-lageplan","status":"publish","type":"page","link":"https:\/\/zentralkurs.lerbermatt.ch\/?page_id=78","title":{"rendered":"Anreise und Lageplan"},"content":{"rendered":"\n<p class=\"has-x-large-font-size\">Anreise<\/p>\n\n\n\n<div class=\"wp-block-group has-global-padding is-layout-constrained wp-block-group-is-layout-constrained\">\n<div class=\"wp-block-columns is-layout-flex wp-container-core-columns-is-layout-28f84493 wp-block-columns-is-layout-flex\">\n<div class=\"wp-block-column is-layout-flow wp-block-column-is-layout-flow\" style=\"flex-basis:100%\">\n<div class=\"wp-block-columns is-layout-flex wp-container-core-columns-is-layout-28f84493 wp-block-columns-is-layout-flex\">\n<div class=\"wp-block-column is-layout-flow wp-block-column-is-layout-flow\" style=\"flex-basis:100%\">\n<div class=\"wp-block-columns is-layout-flex wp-container-core-columns-is-layout-28f84493 wp-block-columns-is-layout-flex\">\n<div class=\"wp-block-column is-layout-flow wp-block-column-is-layout-flow\" style=\"flex-basis:33.33%\">\n<p><strong>Gymnasium Lerbermatt<\/strong><br>Kirchstrasse 64<br>3098 K\u00f6niz<br>Schweiz<\/p>\n<\/div>\n\n\n\n<div class=\"wp-block-column is-layout-flow wp-block-column-is-layout-flow\" style=\"flex-basis:66.66%\">\n<figure class=\"wp-block-image size-large is-resized\"><img loading=\"lazy\" decoding=\"async\" width=\"1024\" height=\"798\" src=\"https:\/\/zentralkurs.lerbermatt.ch\/wp-content\/uploads\/2025\/10\/Bildschirmfoto-2025-10-15-um-16.43.59-1-1024x798.png\" alt=\"\" class=\"wp-image-81\" style=\"width:591px;height:auto\" srcset=\"https:\/\/zentralkurs.lerbermatt.ch\/wp-content\/uploads\/2025\/10\/Bildschirmfoto-2025-10-15-um-16.43.59-1-1024x798.png 1024w, https:\/\/zentralkurs.lerbermatt.ch\/wp-content\/uploads\/2025\/10\/Bildschirmfoto-2025-10-15-um-16.43.59-1-300x234.png 300w, https:\/\/zentralkurs.lerbermatt.ch\/wp-content\/uploads\/2025\/10\/Bildschirmfoto-2025-10-15-um-16.43.59-1-768x598.png 768w, https:\/\/zentralkurs.lerbermatt.ch\/wp-content\/uploads\/2025\/10\/Bildschirmfoto-2025-10-15-um-16.43.59-1.png 1332w\" sizes=\"auto, (max-width: 1024px) 100vw, 1024px\" \/><\/figure>\n<\/div>\n<\/div>\n<\/div>\n<\/div>\n<\/div>\n<\/div>\n<\/div>\n\n\n\n<p class=\"has-medium-font-size\"><strong>Anreise mit dem \u00d6V<\/strong><br>ab Bahnhof Bern: <strong>Bus 19<\/strong> bis Haltestelle Zieglerspital (ca. 6 min)<\/p>\n\n\n\n<p class=\"has-medium-font-size\"><br><strong>Anreise mit dem Auto<\/strong><br>kostenpflichtiger Parkplatz beim Gymnasium ist vorhanden<br><br><strong>Anreise mit dem Fahrrad<\/strong><br>Abstellpl\u00e4tze in der Fahrrad-Einstellhalle (siehe Lageplan)<\/p>\n\n\n\n<div style=\"height:60px\" aria-hidden=\"true\" class=\"wp-block-spacer\"><\/div>\n\n\n\n<div class=\"wp-block-group has-global-padding is-layout-constrained wp-block-group-is-layout-constrained\">\n<p class=\"has-x-large-font-size\">Lageplan<\/p>\n<\/div>\n\n\n\n<div class=\"wp-block-columns is-layout-flex wp-container-core-columns-is-layout-28f84493 wp-block-columns-is-layout-flex\">\n<div class=\"wp-block-column is-layout-flow wp-block-column-is-layout-flow\" style=\"flex-basis:66.66%\">\n<figure class=\"wp-block-image size-large is-resized\"><img loading=\"lazy\" decoding=\"async\" width=\"1024\" height=\"578\" src=\"https:\/\/zentralkurs.lerbermatt.ch\/wp-content\/uploads\/2025\/10\/Bildschirmfoto-2025-10-15-um-17.11.03-1024x578.png\" alt=\"\" class=\"wp-image-82\" style=\"width:700px\" srcset=\"https:\/\/zentralkurs.lerbermatt.ch\/wp-content\/uploads\/2025\/10\/Bildschirmfoto-2025-10-15-um-17.11.03-1024x578.png 1024w, https:\/\/zentralkurs.lerbermatt.ch\/wp-content\/uploads\/2025\/10\/Bildschirmfoto-2025-10-15-um-17.11.03-300x169.png 300w, https:\/\/zentralkurs.lerbermatt.ch\/wp-content\/uploads\/2025\/10\/Bildschirmfoto-2025-10-15-um-17.11.03-768x433.png 768w, https:\/\/zentralkurs.lerbermatt.ch\/wp-content\/uploads\/2025\/10\/Bildschirmfoto-2025-10-15-um-17.11.03-1536x866.png 1536w, https:\/\/zentralkurs.lerbermatt.ch\/wp-content\/uploads\/2025\/10\/Bildschirmfoto-2025-10-15-um-17.11.03.png 1638w\" sizes=\"auto, (max-width: 1024px) 100vw, 1024px\" \/><\/figure>\n<\/div>\n\n\n\n<div class=\"wp-block-column is-layout-flow wp-block-column-is-layout-flow\" style=\"flex-basis:33.33%\">\n<p><strong>Legende<\/strong><br>     <\/p>\n\n\n\n<p>1 Sekretariat\/Rektorat<br>2 Chemin\u00e9eraum<br>3 Geb\u00e4ude West<br>4 Geb\u00e4ude Ost<br>5 Bildnerisches Gestalten<br>6 Aula<br>7 Mediothek<\/p>\n\n\n\n<p>8 Sportanlage<br>9 Mensa<br>10 Fahrrad-Einstellhalle<br>11 Haltestelle Zieglerspital<br>12 Haltestelle Liebefeld, Lerbermatt<\/p>\n<\/div>\n<\/div>\n","protected":false},"excerpt":{"rendered":"<p>Anreise Gymnasium LerbermattKirchstrasse 643098 K\u00f6nizSchweiz Anreise mit dem \u00d6Vab Bahnhof Bern: Bus 19 bis Haltestelle Zieglerspital (ca. 6 min) Anreise mit dem Autokostenpflichtiger Parkplatz beim Gymnasium ist vorhanden Anreise mit dem FahrradAbstellpl\u00e4tze in der Fahrrad-Einstellhalle (siehe Lageplan) Lageplan Legende 1 Sekretariat\/Rektorat2 Chemin\u00e9eraum3 Geb\u00e4ude West4 Geb\u00e4ude Ost5 Bildnerisches Gestalten6 Aula7 Mediothek 8 Sportanlage9 Mensa10 Fahrrad-Einstellhalle11 Haltestelle [&hellip;]<\/p>\n","protected":false},"author":1,"featured_media":0,"parent":0,"menu_order":0,"comment_status":"closed","ping_status":"closed","template":"pages-2","meta":{"footnotes":""},"class_list":["post-78","page","type-page","status-publish","hentry"],"_links":{"self":[{"href":"https:\/\/zentralkurs.lerbermatt.ch\/index.php?rest_route=\/wp\/v2\/pages\/78","targetHints":{"allow":["GET"]}}],"collection":[{"href":"https:\/\/zentralkurs.lerbermatt.ch\/index.php?rest_route=\/wp\/v2\/pages"}],"about":[{"href":"https:\/\/zentralkurs.lerbermatt.ch\/index.php?rest_route=\/wp\/v2\/types\/page"}],"author":[{"embeddable":true,"href":"https:\/\/zentralkurs.lerbermatt.ch\/index.php?rest_route=\/wp\/v2\/users\/1"}],"replies":[{"embeddable":true,"href":"https:\/\/zentralkurs.lerbermatt.ch\/index.php?rest_route=%2Fwp%2Fv2%2Fcomments&post=78"}],"version-history":[{"count":11,"href":"https:\/\/zentralkurs.lerbermatt.ch\/index.php?rest_route=\/wp\/v2\/pages\/78\/revisions"}],"predecessor-version":[{"id":120,"href":"https:\/\/zentralkurs.lerbermatt.ch\/index.php?rest_route=\/wp\/v2\/pages\/78\/revisions\/120"}],"wp:attachment":[{"href":"https:\/\/zentralkurs.lerbermatt.ch\/index.php?rest_route=%2Fwp%2Fv2%2Fmedia&parent=78"}],"curies":[{"name":"wp","href":"https:\/\/api.w.org\/{rel}","templated":true}]}}